{"id":14118,"date":"2023-10-17T22:45:07","date_gmt":"2023-10-17T20:45:07","guid":{"rendered":"https:\/\/kbkadry.pl\/?page_id=14118"},"modified":"2023-10-27T00:57:17","modified_gmt":"2023-10-26T22:57:17","slug":"efrrow","status":"publish","type":"page","link":"https:\/\/kbkadry.pl\/?page_id=14118","title":{"rendered":"\/PROW 2014-2020"},"content":{"rendered":"<section  id=\"section-69dfc94c6f0e3\" class=\" fw-main-row  auto  fw-section-position-back tf-sh-6d5ed44cecd8669ae21b39f0b3439852 \"  style=\"   \"  >\n\t\t\t<div class=\"fw-container\" >\n\t\t<div class=\"fw-row\">\n\t<div id=\"column-69dfc94c6f67a\" class=\"fw-col-sm-12 tf-sh-93d263e76953f0051027d32231632361\" >\n\t<div class=\"fw-wrap-col-inner clearfix  \"   >\n\t\t\t\t<div class=\"fw-col-inner\">\n\t\t\t<div class=\"fw-text-box tf-sh-a0dc51aaebbb69fb7ad0678f58439b5a \" >\n\t<div class=\"fw-text-inner\">\n\t\t<p><strong>\"Europejski Fundusz Rolny na rzecz Rozwoju Obszar\u00f3w Wiejskich:Europa inwestuj\u0105ca w obszary wiejskie\"<\/strong><\/p>\n<p><strong>Operacja typu \"Utworzenie KBStudio - firmy oferuj\u0105cej us\u0142ugi foto-audio\" wsp\u00f3\u0142finansowana jest ze \u015brodk\u00f3w Unii Europejskiej w ramach poddzia\u0142ania 19.2 \"Wsparcie na wdra\u017canie operacji w ramach strategii rozwoju lokalnego kierowanego przez spo\u0142eczno\u015b\u0107\" obj\u0119tego Programem Rozwoju Obszar\u00f3w Wiejskich na lata 2014-2020. Operacja ma na celu \"Rozw\u00f3j przedsi\u0119biorczo\u015bci na obszarze LGD Per\u0142y Mazowsza poprzez podj\u0119cie dzia\u0142alno\u015bci gospodarczej w zakresie us\u0142ug foto-audio i utrzymanie jej w okresie zwi\u0105zania z celem\"<\/strong><\/p>\n\t<\/div>\n<\/div>\t\t<\/div>\n\t<\/div>\n<\/div><\/div>\n\n<div class=\"fw-row\">\n\t<div id=\"column-69dfc94c6fc19\" class=\"fw-col-sm-12 tf-sh-93d263e76953f0051027d32231632361\" >\n\t<div class=\"fw-wrap-col-inner clearfix  \"   >\n\t\t\t\t<div class=\"fw-col-inner\">\n\t\t\t<div class=\"fw-divider-space space-md  clearfix\"  ><\/div>\t\t<\/div>\n\t<\/div>\n<\/div><\/div>\n\n<div class=\"fw-row\">\n\t<div id=\"column-69dfc94c70057\" class=\"fw-col-sm-4 tf-sh-931a7ecc087da570f687a83f0f4212e1\" >\n\t<div class=\"fw-wrap-col-inner clearfix  \"   >\n\t\t\t\t<div class=\"fw-col-inner\">\n\t\t\t\n\t\n\t\t<div class=\"fw-block-image-parent  fw-block-image-center\"  style=\"width: 250px; \">\n\t\t\t<span class=\"fw-block-image-child fw-ratio-3-2 fw-ratio-container\">\n\t\t\t\t<noscript itemscope itemtype=\"https:\/\/schema.org\/ImageObject\" itemprop=\"image\"><img decoding=\"async\" src=\"https:\/\/kbkadry.pl\/wp-content\/uploads\/2023\/10\/flag_yellow_low.jpg\"  alt=\"flag_yellow_low\" data-maxdpr=\"1.7\" width=\"250\" class=\"lazyload\" \/><meta itemprop=\"url\" content=\"https:\/\/kbkadry.pl\/wp-content\/uploads\/2023\/10\/flag_yellow_low.jpg\"><meta itemprop=\"width\" content=\"600\"><meta itemprop=\"height\" content=\"401\"><\/noscript><img decoding=\"async\" src=\"data:image\/gif;base64,R0lGODlhAQABAIAAAAAAAP\/\/\/yH5BAEAAAAALAAAAAABAAEAAAIBRAA7\" data-sizes=\"auto\" data-srcset=\"https:\/\/kbkadry.pl\/wp-content\/uploads\/2023\/10\/flag_yellow_low-300x201.jpg 300w, https:\/\/kbkadry.pl\/wp-content\/uploads\/2023\/10\/flag_yellow_low-18x12.jpg 18w, https:\/\/kbkadry.pl\/wp-content\/uploads\/2023\/10\/flag_yellow_low-400x267.jpg 400w, https:\/\/kbkadry.pl\/wp-content\/uploads\/2023\/10\/flag_yellow_low-272x182.jpg 272w, https:\/\/kbkadry.pl\/wp-content\/uploads\/2023\/10\/flag_yellow_low.jpg 600w\"   alt=\"flag_yellow_low\" data-maxdpr=\"1.7\" width=\"250\" class=\"lazyload\" \/>\t\t\t\t\t\t\t<\/span>\n\t\t<\/div>\n\n\t\n\t\t<\/div>\n\t<\/div>\n<\/div><div id=\"column-69dfc94c70937\" class=\"fw-col-sm-4 tf-sh-415a78d67bbc8cb76571f477ba6e0670\" >\n\t<div class=\"fw-wrap-col-inner clearfix  \"   >\n\t\t\t\t<div class=\"fw-col-inner\">\n\t\t\t\n\t\n\t\t<div class=\"fw-block-image-parent  fw-block-image-center\"  style=\"width: 150px; \">\n\t\t\t<span class=\"fw-block-image-child fw-noratio fw-ratio-container\">\n\t\t\t\t<noscript itemscope itemtype=\"https:\/\/schema.org\/ImageObject\" itemprop=\"image\"><img decoding=\"async\" src=\"https:\/\/kbkadry.pl\/wp-content\/uploads\/2023\/10\/Leader.png\"  alt=\"Leader\" data-maxdpr=\"1.7\" width=\"150\" class=\"lazyload\" \/><meta itemprop=\"url\" content=\"https:\/\/kbkadry.pl\/wp-content\/uploads\/2023\/10\/Leader.png\"><meta itemprop=\"width\" content=\"258\"><meta itemprop=\"height\" content=\"253\"><\/noscript><img decoding=\"async\" src=\"data:image\/gif;base64,R0lGODlhAQABAIAAAAAAAP\/\/\/yH5BAEAAAAALAAAAAABAAEAAAIBRAA7\" data-sizes=\"auto\" data-srcset=\"https:\/\/kbkadry.pl\/wp-content\/uploads\/2023\/10\/Leader.png\"   alt=\"Leader\" data-maxdpr=\"1.7\" width=\"150\" class=\"lazyload\" \/><span class=\"fw-after-no-ratio\" style=\"padding-bottom: 98.062015503876%\"><\/span>\t\t\t\t\t\t\t<\/span>\n\t\t<\/div>\n\n\t\n\t\t<\/div>\n\t<\/div>\n<\/div><div id=\"column-69dfc94c71155\" class=\"fw-col-sm-4 tf-sh-3238c379d4d8cd292fc99e36ec4d0246\" >\n\t<div class=\"fw-wrap-col-inner clearfix  \"   >\n\t\t\t\t<div class=\"fw-col-inner\">\n\t\t\t\n\t\n\t\t<div class=\"fw-block-image-parent  fw-block-image-center\"  style=\"width: 250px; \">\n\t\t\t<span class=\"fw-block-image-child fw-noratio fw-ratio-container\">\n\t\t\t\t<noscript itemscope itemtype=\"https:\/\/schema.org\/ImageObject\" itemprop=\"image\"><img decoding=\"async\" src=\"https:\/\/kbkadry.pl\/wp-content\/uploads\/2023\/10\/PROW-2014-2020-logo-kolor.jpg\"  alt=\"PROW-2014-2020-logo-kolor\" data-maxdpr=\"1.7\" width=\"250\" class=\"lazyload\" \/><meta itemprop=\"url\" content=\"https:\/\/kbkadry.pl\/wp-content\/uploads\/2023\/10\/PROW-2014-2020-logo-kolor.jpg\"><meta itemprop=\"width\" content=\"1059\"><meta itemprop=\"height\" content=\"693\"><\/noscript><img decoding=\"async\" src=\"data:image\/gif;base64,R0lGODlhAQABAIAAAAAAAP\/\/\/yH5BAEAAAAALAAAAAABAAEAAAIBRAA7\" data-sizes=\"auto\" data-srcset=\"https:\/\/kbkadry.pl\/wp-content\/uploads\/2023\/10\/PROW-2014-2020-logo-kolor.jpg\"   alt=\"PROW-2014-2020-logo-kolor\" data-maxdpr=\"1.7\" width=\"250\" class=\"lazyload\" \/><span class=\"fw-after-no-ratio\" style=\"padding-bottom: 65.439093484419%\"><\/span>\t\t\t\t\t\t\t<\/span>\n\t\t<\/div>\n\n\t\n\t\t<\/div>\n\t<\/div>\n<\/div><\/div>\n\n\t<\/div>\n\t<\/section>\n","protected":false},"excerpt":{"rendered":"<p>&#8222;Europejski Fundusz Rolny na rzecz Rozwoju Obszar\u00f3w Wiejskich:Europa inwestuj\u0105ca w obszary wiejskie&#8221; Operacja typu &#8222;Utworzenie KBStudio &#8211; firmy oferuj\u0105cej us\u0142ugi foto-audio&#8221; wsp\u00f3\u0142finansowana jest ze \u015brodk\u00f3w Unii Europejskiej w ramach poddzia\u0142ania 19.2 &#8222;Wsparcie na wdra\u017canie operacji w ramach strategii rozwoju lokalnego kierowanego przez spo\u0142eczno\u015b\u0107&#8221; obj\u0119tego Programem Rozwoju Obszar\u00f3w Wiejskich na lata 2014-2020. Operacja ma na celu [&hellip;]<\/p>\n","protected":false},"author":1,"featured_media":0,"parent":0,"menu_order":0,"comment_status":"closed","ping_status":"closed","template":"visual-builder-template.php","meta":{"_bbp_topic_count":0,"_bbp_reply_count":0,"_bbp_total_topic_count":0,"_bbp_total_reply_count":0,"_bbp_voice_count":0,"_bbp_anonymous_reply_count":0,"_bbp_topic_count_hidden":0,"_bbp_reply_count_hidden":0,"_bbp_forum_subforum_count":0,"footnotes":""},"class_list":["post-14118","page","type-page","status-publish","hentry"],"jetpack_sharing_enabled":true,"_links":{"self":[{"href":"https:\/\/kbkadry.pl\/index.php?rest_route=\/wp\/v2\/pages\/14118","targetHints":{"allow":["GET"]}}],"collection":[{"href":"https:\/\/kbkadry.pl\/index.php?rest_route=\/wp\/v2\/pages"}],"about":[{"href":"https:\/\/kbkadry.pl\/index.php?rest_route=\/wp\/v2\/types\/page"}],"author":[{"embeddable":true,"href":"https:\/\/kbkadry.pl\/index.php?rest_route=\/wp\/v2\/users\/1"}],"replies":[{"embeddable":true,"href":"https:\/\/kbkadry.pl\/index.php?rest_route=%2Fwp%2Fv2%2Fcomments&post=14118"}],"version-history":[{"count":23,"href":"https:\/\/kbkadry.pl\/index.php?rest_route=\/wp\/v2\/pages\/14118\/revisions"}],"predecessor-version":[{"id":14160,"href":"https:\/\/kbkadry.pl\/index.php?rest_route=\/wp\/v2\/pages\/14118\/revisions\/14160"}],"wp:attachment":[{"href":"https:\/\/kbkadry.pl\/index.php?rest_route=%2Fwp%2Fv2%2Fmedia&parent=14118"}],"curies":[{"name":"wp","href":"https:\/\/api.w.org\/{rel}","templated":true}]}}